{"id":1369,"date":"2024-05-30T12:08:35","date_gmt":"2024-05-30T12:08:35","guid":{"rendered":"http:\/\/avada.theme-fusion.com_demos\/fashion\/?page_id=4"},"modified":"2024-05-30T18:58:27","modified_gmt":"2024-05-30T18:58:27","slug":"home-2","status":"publish","type":"page","link":"https:\/\/glamour12massage.ch\/en\/","title":{"rendered":"Home"},"content":{"rendered":"<p><div class=\"fusion-fullwidth fullwidth-box fusion-builder-row-1 nonhundred-percent-fullwidth non-hundred-percent-height-scrolling\" style=\"--awb-background-position:left top;--awb-border-sizes-top:0px;--awb-border-sizes-bottom:0px;--awb-border-sizes-left:0px;--awb-border-sizes-right:0px;--awb-border-radius-top-left:0px;--awb-border-radius-top-right:0px;--awb-border-radius-bottom-right:0px;--awb-border-radius-bottom-left:0px;--awb-padding-top:40px;--awb-padding-bottom:10px;--awb-background-color:#757575;--awb-flex-wrap:wrap;\" ><div class=\"fusion-builder-row fusion-row\"><div class=\"fusion-layout-column fusion_builder_column fusion-builder-column-0 fusion_builder_column_1_1 1_1 fusion-one-full fusion-column-first fusion-column-last fusion-column-no-min-height\" style=\"--awb-bg-blend:overlay;--awb-bg-size:cover;--awb-margin-bottom:0px;\"><div class=\"fusion-column-wrapper fusion-flex-column-wrapper-legacy\"><div class=\"fusion-text fusion-text-1\"><h2 style=\"text-align: center;\">WELL-BEING, RELAXATION, AWAKENING OF SENSES.<\/h2>\n<p><img decoding=\"async\" class=\"lazyload wp-image-1576 size-medium aligncenter\" src=\"data:image\/svg+xml,%3Csvg%20xmlns%3D%27http%3A%2F%2Fwww.w3.org%2F2000%2Fsvg%27%20width%3D%27300%27%20height%3D%2775%27%20viewBox%3D%270%200%20300%2075%27%3E%3Crect%20width%3D%27300%27%20height%3D%2775%27%20fill-opacity%3D%220%22%2F%3E%3C%2Fsvg%3E\" data-orig-src=\"https:\/\/glamour12massage.ch\/wp-content\/uploads\/2016\/08\/55585-3-300x75.png\" width=\"300\" height=\"75\" \/><\/p>\n<h1 style=\"text-align: center; font-size: 16px; font-weight: 400; font-family: Roboto, Arial, Helvetica, sans-serif;\">Tantric Naturist &amp; Traditional Massages exclusively for Men<\/h1>\n<h2 style=\"text-align: center; font-size: 16px; font-weight: 400; font-family: Roboto, Arial, Helvetica, sans-serif;\">The Best Tantric Massage Salon in Geneva<\/h2>\n<p style=\"text-align: center;\">Luxury upscale, absolute discretion<\/p>\n<\/div><div class=\"fusion-clearfix\"><\/div><\/div><\/div><\/div><\/div><div class=\"fusion-fullwidth fullwidth-box fusion-builder-row-2 hundred-percent-fullwidth non-hundred-percent-height-scrolling fusion-equal-height-columns\" style=\"--awb-background-position:left top;--awb-border-sizes-top:0px;--awb-border-sizes-bottom:0px;--awb-border-sizes-left:0px;--awb-border-sizes-right:0px;--awb-border-radius-top-left:0px;--awb-border-radius-top-right:0px;--awb-border-radius-bottom-right:0px;--awb-border-radius-bottom-left:0px;--awb-padding-top:0px;--awb-padding-right:0px;--awb-padding-bottom:20px;--awb-padding-left:0px;--awb-flex-wrap:wrap;\" ><div class=\"fusion-builder-row fusion-row\"><div class=\"fusion-layout-column fusion_builder_column fusion-builder-column-1 fusion_builder_column_1_1 1_1 fusion-one-full fusion-column-first fusion-column-last fusion-column-no-min-height\" style=\"--awb-bg-blend:overlay;--awb-bg-size:cover;--awb-margin-bottom:0px;\"><div class=\"fusion-column-wrapper fusion-flex-column-wrapper-legacy\"><div class=\"fusion-text fusion-text-2\"><p style=\"text-align: center;\">The most beautiful Tantric Masseuses of Geneva<\/p>\n<\/div><div class=\"fusion-aligncenter\"><a class=\"fusion-button button-flat button-large button-default fusion-button-default button-1 fusion-button-default-span\" target=\"_self\" href=\"\/en\/masseuses\/\"><span class=\"fusion-button-text awb-button__text awb-button__text--default\">OUR MASSEUSES<\/span><\/a><\/div><div class=\"fusion-clearfix\"><\/div><\/div><\/div><\/div><\/div><div class=\"fusion-fullwidth fullwidth-box fusion-builder-row-3 hundred-percent-fullwidth non-hundred-percent-height-scrolling fusion-equal-height-columns\" style=\"--awb-background-position:left top;--awb-border-radius-top-left:0px;--awb-border-radius-top-right:0px;--awb-border-radius-bottom-right:0px;--awb-border-radius-bottom-left:0px;--awb-padding-top:0px;--awb-padding-right:0px;--awb-padding-bottom:0px;--awb-padding-left:0px;--awb-flex-wrap:wrap;\" ><div class=\"fusion-builder-row fusion-row\"><div class=\"fusion-layout-column fusion_builder_column fusion-builder-column-2 fusion_builder_column_1_2 1_2 fusion-one-half fusion-column-first\" style=\"--awb-bg-position:center top;--awb-bg-blend:overlay;--awb-bg-size:cover;--awb-margin-bottom:0px;\"><div class=\"fusion-column-wrapper lazyload fusion-flex-column-wrapper-legacy fusion-column-has-bg-image\" data-bg-url=\"https:\/\/glamour12massage.ch\/wp-content\/uploads\/2019\/09\/Glamour12massage.ch-Gen\u00e8ve-1203.jpeg\" data-bg=\"https:\/\/glamour12massage.ch\/wp-content\/uploads\/2019\/09\/Glamour12massage.ch-Gen\u00e8ve-1203.jpeg\"><div class=\"fusion-column-content-centered\"><div class=\"fusion-column-content\"><div class=\"fusion-text fusion-text-3\"><p><img decoding=\"async\" class=\"lazyload wp-image-2839 size-full alignnone\" src=\"https:\/\/glamour12massage.ch\/wp-content\/uploads\/2019\/09\/Glamour12massage.ch-Gen\u00e8ve-1203.jpeg\" data-orig-src=\"https:\/\/glamour12massage.ch\/wp-content\/uploads\/2019\/09\/Glamour12massage.ch-Gen\u00e8ve-1203.jpeg\" alt=\"Massages Tantriques, Naturistes et \u00c9rotiques \u00e0 Gen\u00e8ve - G12M\" width=\"960\" height=\"720\" srcset=\"data:image\/svg+xml,%3Csvg%20xmlns%3D%27http%3A%2F%2Fwww.w3.org%2F2000%2Fsvg%27%20width%3D%27960%27%20height%3D%27720%27%20viewBox%3D%270%200%20960%20720%27%3E%3Crect%20width%3D%27960%27%20height%3D%27720%27%20fill-opacity%3D%220%22%2F%3E%3C%2Fsvg%3E\" data-srcset=\"https:\/\/glamour12massage.ch\/wp-content\/uploads\/2019\/09\/Glamour12massage.ch-Gen\u00e8ve-1203-200x150.jpeg 200w, https:\/\/glamour12massage.ch\/wp-content\/uploads\/2019\/09\/Glamour12massage.ch-Gen\u00e8ve-1203-300x225.jpeg 300w, https:\/\/glamour12massage.ch\/wp-content\/uploads\/2019\/09\/Glamour12massage.ch-Gen\u00e8ve-1203-400x300.jpeg 400w, https:\/\/glamour12massage.ch\/wp-content\/uploads\/2019\/09\/Glamour12massage.ch-Gen\u00e8ve-1203-600x450.jpeg 600w, https:\/\/glamour12massage.ch\/wp-content\/uploads\/2019\/09\/Glamour12massage.ch-Gen\u00e8ve-1203-768x576.jpeg 768w, https:\/\/glamour12massage.ch\/wp-content\/uploads\/2019\/09\/Glamour12massage.ch-Gen\u00e8ve-1203-800x600.jpeg 800w, https:\/\/glamour12massage.ch\/wp-content\/uploads\/2019\/09\/Glamour12massage.ch-Gen\u00e8ve-1203.jpeg 960w\" data-sizes=\"auto\" data-orig-sizes=\"(max-width: 960px) 100vw, 960px\" \/><\/p>\n<\/div><\/div><\/div><div class=\"fusion-clearfix\"><\/div><\/div><\/div><div class=\"fusion-layout-column fusion_builder_column fusion-builder-column-3 fusion_builder_column_1_2 1_2 fusion-one-half fusion-column-last\" style=\"--awb-padding-top:11%;--awb-padding-right:11%;--awb-padding-bottom:11%;--awb-padding-left:11%;--awb-bg-color:#757575;--awb-bg-color-hover:#757575;--awb-bg-size:cover;--awb-margin-bottom:0px;\"><div class=\"fusion-column-wrapper fusion-flex-column-wrapper-legacy\"><div class=\"fusion-column-content-centered\"><div class=\"fusion-column-content\"><div class=\"fusion-text fusion-text-4\"><h2 style=\"text-align: center; margin-bottom: 10px;\">Welcome to<\/h2>\n<p style=\"text-align: center; letter-spacing: 4px;\">Glamour12massage<\/p>\n<\/div><div class=\"fusion-text fusion-text-5\"><p style=\"text-align: center;\">Unique Experience in Geneva!<\/p>\n<p style=\"text-align: center;\">Naturist Tantric Massage<br \/>\n&amp; Traditional exclusively for Men<\/p>\n<p style=\"text-align: center;\">Reserve your Private Space<\/p>\n<p><a name=\"massage\"><\/a><\/p>\n<\/div><div class=\"fusion-aligncenter\"><a class=\"fusion-button button-flat button-large button-default fusion-button-default button-2 fusion-button-default-span\" target=\"_self\" href=\"\/en\/reservation\/\"><span class=\"fusion-button-text awb-button__text awb-button__text--default\">BOOKING<\/span><\/a><\/div><\/div><\/div><div class=\"fusion-clearfix\"><\/div><\/div><\/div><\/div><\/div><div class=\"fusion-fullwidth fullwidth-box fusion-builder-row-4 hundred-percent-fullwidth non-hundred-percent-height-scrolling fusion-equal-height-columns\" style=\"--awb-background-position:left top;--awb-border-sizes-top:0px;--awb-border-sizes-bottom:0px;--awb-border-sizes-left:0px;--awb-border-sizes-right:0px;--awb-border-radius-top-left:0px;--awb-border-radius-top-right:0px;--awb-border-radius-bottom-right:0px;--awb-border-radius-bottom-left:0px;--awb-padding-top:0px;--awb-padding-right:0px;--awb-padding-bottom:20px;--awb-padding-left:0px;--awb-flex-wrap:wrap;\" ><div class=\"fusion-builder-row fusion-row\"><div class=\"fusion-layout-column fusion_builder_column fusion-builder-column-4 fusion_builder_column_1_1 1_1 fusion-one-full fusion-column-first fusion-column-last fusion-column-no-min-height\" style=\"--awb-bg-blend:overlay;--awb-bg-size:cover;--awb-margin-bottom:0px;\"><div class=\"fusion-column-wrapper fusion-flex-column-wrapper-legacy\"><div class=\"fusion-text fusion-text-6\"><p style=\"text-align: center;\">OUTCALL TO HOTEL &amp; HOME<\/p>\n<p style=\"margin-top: -30px; text-align: center;\">GENEVA<\/p>\n<\/div><div class=\"fusion-aligncenter\"><a class=\"fusion-button button-flat button-large button-default fusion-button-default button-3 fusion-button-default-span\" target=\"_self\" href=\"tel:+41767633062\"><i class=\"fa fa-phone-square awb-button__icon awb-button__icon--default button-icon-left\" aria-hidden=\"true\"><\/i><span class=\"fusion-button-text awb-button__text awb-button__text--default\">CALL US !<\/span><\/a><\/div><div class=\"fusion-clearfix\"><\/div><\/div><\/div><\/div><\/div><div class=\"fusion-fullwidth fullwidth-box fusion-builder-row-5 hundred-percent-fullwidth non-hundred-percent-height-scrolling fusion-equal-height-columns\" style=\"--awb-background-position:left top;--awb-border-sizes-top:0px;--awb-border-sizes-bottom:0px;--awb-border-sizes-left:0px;--awb-border-sizes-right:0px;--awb-border-radius-top-left:0px;--awb-border-radius-top-right:0px;--awb-border-radius-bottom-right:0px;--awb-border-radius-bottom-left:0px;--awb-padding-top:0px;--awb-padding-right:0px;--awb-padding-bottom:0px;--awb-padding-left:0px;--awb-flex-wrap:wrap;\" ><div class=\"fusion-builder-row fusion-row\"><div class=\"fusion-layout-column fusion_builder_column fusion-builder-column-5 fusion_builder_column_1_2 1_2 fusion-one-half fusion-column-first\" style=\"--awb-bg-position:center bottom;--awb-bg-blend:overlay;--awb-bg-size:cover;--awb-margin-bottom:0px;\"><div class=\"fusion-column-wrapper lazyload fusion-flex-column-wrapper-legacy fusion-column-has-bg-image\" data-bg-url=\"https:\/\/glamour12massage.ch\/wp-content\/uploads\/2019\/09\/WhatsApp-Image-2019-09-25-at-21.01.55.jpeg\" data-bg=\"https:\/\/glamour12massage.ch\/wp-content\/uploads\/2019\/09\/WhatsApp-Image-2019-09-25-at-21.01.55.jpeg\"><div class=\"fusion-column-content-centered\"><div class=\"fusion-column-content\"><div class=\"fusion-image-element fusion-image-align-center in-legacy-container\" style=\"text-align:center;--awb-caption-title-font-family:var(--h2_typography-font-family);--awb-caption-title-font-weight:var(--h2_typography-font-weight);--awb-caption-title-font-style:var(--h2_typography-font-style);--awb-caption-title-size:var(--h2_typography-font-size);--awb-caption-title-transform:var(--h2_typography-text-transform);--awb-caption-title-line-height:var(--h2_typography-line-height);--awb-caption-title-letter-spacing:var(--h2_typography-letter-spacing);\"><div class=\"imageframe-align-center\"><span class=\"fusion-imageframe imageframe-glow imageframe-1 hover-type-none\" style=\"-webkit-box-shadow: 0 0 3px rgba(0,0,0,0.3);box-shadow: 0 0 3px rgba(0,0,0,0.3);\"><img decoding=\"async\" width=\"960\" height=\"720\" title=\"WhatsApp Image 2019-09-25 at 21.01.55\" src=\"https:\/\/glamour12massage.ch\/wp-content\/uploads\/2019\/09\/WhatsApp-Image-2019-09-25-at-21.01.55.jpeg\" data-orig-src=\"https:\/\/glamour12massage.ch\/wp-content\/uploads\/2019\/09\/WhatsApp-Image-2019-09-25-at-21.01.55.jpeg\" alt class=\"lazyload img-responsive wp-image-2851\" srcset=\"data:image\/svg+xml,%3Csvg%20xmlns%3D%27http%3A%2F%2Fwww.w3.org%2F2000%2Fsvg%27%20width%3D%27960%27%20height%3D%27720%27%20viewBox%3D%270%200%20960%20720%27%3E%3Crect%20width%3D%27960%27%20height%3D%27720%27%20fill-opacity%3D%220%22%2F%3E%3C%2Fsvg%3E\" data-srcset=\"https:\/\/glamour12massage.ch\/wp-content\/uploads\/2019\/09\/WhatsApp-Image-2019-09-25-at-21.01.55-200x150.jpeg 200w, https:\/\/glamour12massage.ch\/wp-content\/uploads\/2019\/09\/WhatsApp-Image-2019-09-25-at-21.01.55-400x300.jpeg 400w, https:\/\/glamour12massage.ch\/wp-content\/uploads\/2019\/09\/WhatsApp-Image-2019-09-25-at-21.01.55-600x450.jpeg 600w, https:\/\/glamour12massage.ch\/wp-content\/uploads\/2019\/09\/WhatsApp-Image-2019-09-25-at-21.01.55-800x600.jpeg 800w, https:\/\/glamour12massage.ch\/wp-content\/uploads\/2019\/09\/WhatsApp-Image-2019-09-25-at-21.01.55.jpeg 960w\" data-sizes=\"auto\" data-orig-sizes=\"(max-width: 800px) 100vw, 600px\" \/><\/span><\/div><\/div><\/div><\/div><div class=\"fusion-clearfix\"><\/div><\/div><\/div><div class=\"fusion-layout-column fusion_builder_column fusion-builder-column-6 fusion_builder_column_1_2 1_2 fusion-one-half fusion-column-last\" style=\"--awb-padding-top:11%;--awb-padding-right:11%;--awb-padding-bottom:11%;--awb-padding-left:11%;--awb-bg-color:#19285f;--awb-bg-color-hover:#19285f;--awb-bg-repeat:repeat;\"><div class=\"fusion-column-wrapper fusion-flex-column-wrapper-legacy\"><div class=\"fusion-column-content-centered\"><div class=\"fusion-column-content\"><div class=\"fusion-text fusion-text-7\"><h2 style=\"text-align: center;\">glamour12massage.ch<\/h2>\n<\/div><div class=\"fusion-text fusion-text-8\"><p><strong>We offer Naturist-Sensual and traditional massages:<\/strong><\/p>\n<div class=\"fusion-table table-2\">\n<table width=\"100%\">\n<tbody>\n<tr>\n<td height=\"21\"><strong>Naturist\/Sensual Massages<\/strong><\/td>\n<td style=\"text-align: left;\"><strong>Traditional massages<\/strong><\/td>\n<\/tr>\n<tr>\n<td height=\"135\">\n<ul>\n<li><a href=\"https:\/\/glamour12massage.ch\/en\/2019\/09\/26\/massage-naturiste\/\">Naturist Massage<\/a><\/li>\n<li>Californian Naturist Massage<\/li>\n<li>Tantra Massage<\/li>\n<li>Body Body Massage<\/li>\n<li>Mutual Exchange Massage<\/li>\n<li>Lingam Sensual Massage<\/li>\n<\/ul>\n<\/td>\n<td>\n<ul>\n<li style=\"text-align: left;\">Californian massage<\/li>\n<li style=\"text-align: left;\">Swedish massage<\/li>\n<\/ul>\n<\/td>\n<\/tr>\n<\/tbody>\n<\/table>\n<\/div>\n<p><a name=\"geneve\"><\/a><\/p>\n<\/div><div class=\"fusion-aligncenter\"><a class=\"fusion-button button-flat button-large button-default fusion-button-default button-4 fusion-button-default-span\" target=\"_self\" href=\"\/en\/reservation\/\"><span class=\"fusion-button-text awb-button__text awb-button__text--default\">BOOKING<\/span><\/a><\/div><\/div><\/div><div class=\"fusion-clearfix\"><\/div><\/div><\/div><\/div><\/div><div class=\"fusion-fullwidth fullwidth-box fusion-builder-row-6 hundred-percent-fullwidth non-hundred-percent-height-scrolling fusion-equal-height-columns\" style=\"--awb-background-position:left top;--awb-border-sizes-top:0px;--awb-border-sizes-bottom:0px;--awb-border-sizes-left:0px;--awb-border-sizes-right:0px;--awb-border-radius-top-left:0px;--awb-border-radius-top-right:0px;--awb-border-radius-bottom-right:0px;--awb-border-radius-bottom-left:0px;--awb-padding-top:0px;--awb-padding-right:0px;--awb-padding-bottom:0px;--awb-padding-left:0px;--awb-flex-wrap:wrap;\" ><div class=\"fusion-builder-row fusion-row\"><div class=\"fusion-layout-column fusion_builder_column fusion-builder-column-7 fusion_builder_column_1_1 1_1 fusion-one-full fusion-column-first fusion-column-last fusion-column-no-min-height\" style=\"--awb-bg-blend:overlay;--awb-bg-size:cover;--awb-margin-bottom:0px;\"><div class=\"fusion-column-wrapper fusion-flex-column-wrapper-legacy\"><div class=\"fusion-text fusion-text-9\"><p><img decoding=\"async\" class=\"lazyload aligncenter wp-image-1576\" src=\"data:image\/svg+xml,%3Csvg%20xmlns%3D%27http%3A%2F%2Fwww.w3.org%2F2000%2Fsvg%27%20width%3D%27400%27%20height%3D%27100%27%20viewBox%3D%270%200%20400%20100%27%3E%3Crect%20width%3D%27400%27%20height%3D%27100%27%20fill-opacity%3D%220%22%2F%3E%3C%2Fsvg%3E\" data-orig-src=\"https:\/\/glamour12massage.ch\/wp-content\/uploads\/2016\/08\/55585-3-300x75.png\" width=\"400\" height=\"100\" \/><\/p>\n<p style=\"text-align: center;\">Paradise of well-being and relaxation, harmony and comfort, located in the heart of Geneva 50 meters from Lake Geneva.<\/p>\n<p style=\"text-align: center;\">We are next to the prestigious Hotel President Wilson in the heart of Calvin\u2019s City, in a very quiet place.<\/p>\n<p style=\"text-align: center;\">We invite you to live a unique experience in an upscale luxury atmosphere\u2026<\/p>\n<p style=\"text-align: center;\">Adress<br \/>\nPhone<a href=\"tel:+41 22 732 23 44\"> +41 22 732 23 44<\/a> &amp; WhatsApp <a href=\"https:\/\/wa.me\/41767633062\" target=\"_blank\" rel=\"noopener\">+41 76 763 30 62<\/a><br \/>\nE-mail: info@glamour12massage.ch<\/p>\n<p><a name=\"prix\"><\/a><\/p>\n<\/div><div class=\"fusion-clearfix\"><\/div><\/div><\/div><\/div><\/div><div class=\"fusion-fullwidth fullwidth-box fusion-builder-row-7 hundred-percent-fullwidth non-hundred-percent-height-scrolling\" style=\"--awb-border-radius-top-left:0px;--awb-border-radius-top-right:0px;--awb-border-radius-bottom-right:0px;--awb-border-radius-bottom-left:0px;--awb-overflow:visible;--awb-padding-right:40px;--awb-padding-left:40px;--awb-flex-wrap:wrap;\" ><div class=\"fusion-builder-row fusion-row\"><div class=\"fusion-layout-column fusion_builder_column fusion-builder-column-8 fusion_builder_column_1_1 1_1 fusion-one-full fusion-column-first fusion-column-last fusion-column-no-min-height\" style=\"--awb-bg-blend:overlay;--awb-bg-size:cover;--awb-margin-bottom:0px;\"><div class=\"fusion-column-wrapper fusion-flex-column-wrapper-legacy\"><div class=\"fusion-text fusion-text-10\"><\/div><div class=\"fusion-clearfix\"><\/div><\/div><\/div><\/div><\/div><\/p>\n\n\n<div class=\"kk-star-ratings kksr-auto kksr-align-center kksr-valign-bottom\"\n    data-payload='{&quot;align&quot;:&quot;center&quot;,&quot;id&quot;:&quot;1369&quot;,&quot;slug&quot;:&quot;default&quot;,&quot;valign&quot;:&quot;bottom&quot;,&quot;ignore&quot;:&quot;&quot;,&quot;reference&quot;:&quot;auto&quot;,&quot;class&quot;:&quot;&quot;,&quot;count&quot;:&quot;465&quot;,&quot;legendonly&quot;:&quot;&quot;,&quot;readonly&quot;:&quot;&quot;,&quot;score&quot;:&quot;4.5&quot;,&quot;starsonly&quot;:&quot;&quot;,&quot;best&quot;:&quot;5&quot;,&quot;gap&quot;:&quot;7&quot;,&quot;greet&quot;:&quot;Merci d\\u0026#039;avoir vot\u00e9&quot;,&quot;legend&quot;:&quot;4.5\\\/5 - (465 votes)&quot;,&quot;size&quot;:&quot;30&quot;,&quot;title&quot;:&quot;Accueil&quot;,&quot;width&quot;:&quot;163&quot;,&quot;_legend&quot;:&quot;{score}\\\/{best} - ({count} {votes})&quot;,&quot;font_factor&quot;:&quot;1.25&quot;}'>\n            \n<div class=\"kksr-stars\">\n    \n<div class=\"kksr-stars-inactive\">\n            <div class=\"kksr-star\" data-star=\"1\" style=\"padding-right: 7px\">\n            \n\n<div class=\"kksr-icon\" style=\"width: 30px; height: 30px;\"><\/div>\n        <\/div>\n            <div class=\"kksr-star\" data-star=\"2\" style=\"padding-right: 7px\">\n            \n\n<div class=\"kksr-icon\" style=\"width: 30px; height: 30px;\"><\/div>\n        <\/div>\n            <div class=\"kksr-star\" data-star=\"3\" style=\"padding-right: 7px\">\n            \n\n<div class=\"kksr-icon\" style=\"width: 30px; height: 30px;\"><\/div>\n        <\/div>\n            <div class=\"kksr-star\" data-star=\"4\" style=\"padding-right: 7px\">\n            \n\n<div class=\"kksr-icon\" style=\"width: 30px; height: 30px;\"><\/div>\n        <\/div>\n            <div class=\"kksr-star\" data-star=\"5\" style=\"padding-right: 7px\">\n            \n\n<div class=\"kksr-icon\" style=\"width: 30px; height: 30px;\"><\/div>\n        <\/div>\n    <\/div>\n    \n<div class=\"kksr-stars-active\" style=\"width: 163px;\">\n            <div class=\"kksr-star\" style=\"padding-right: 7px\">\n            \n\n<div class=\"kksr-icon\" style=\"width: 30px; height: 30px;\"><\/div>\n        <\/div>\n            <div class=\"kksr-star\" style=\"padding-right: 7px\">\n            \n\n<div class=\"kksr-icon\" style=\"width: 30px; height: 30px;\"><\/div>\n        <\/div>\n            <div class=\"kksr-star\" style=\"padding-right: 7px\">\n            \n\n<div class=\"kksr-icon\" style=\"width: 30px; height: 30px;\"><\/div>\n        <\/div>\n            <div class=\"kksr-star\" style=\"padding-right: 7px\">\n            \n\n<div class=\"kksr-icon\" style=\"width: 30px; height: 30px;\"><\/div>\n        <\/div>\n            <div class=\"kksr-star\" style=\"padding-right: 7px\">\n            \n\n<div class=\"kksr-icon\" style=\"width: 30px; height: 30px;\"><\/div>\n        <\/div>\n    <\/div>\n<\/div>\n                \n\n<div class=\"kksr-legend\" style=\"font-size: 24px;\">\n            4.5\/5 - (465 votes)    <\/div>\n    <\/div>","protected":false},"excerpt":{"rendered":"","protected":false},"author":1,"featured_media":0,"parent":0,"menu_order":0,"comment_status":"open","ping_status":"closed","template":"100-width.php","meta":{"footnotes":""},"class_list":["post-1369","page","type-page","status-publish","hentry"],"_links":{"self":[{"href":"https:\/\/glamour12massage.ch\/en\/wp-json\/wp\/v2\/pages\/1369","targetHints":{"allow":["GET"]}}],"collection":[{"href":"https:\/\/glamour12massage.ch\/en\/wp-json\/wp\/v2\/pages"}],"about":[{"href":"https:\/\/glamour12massage.ch\/en\/wp-json\/wp\/v2\/types\/page"}],"author":[{"embeddable":true,"href":"https:\/\/glamour12massage.ch\/en\/wp-json\/wp\/v2\/users\/1"}],"replies":[{"embeddable":true,"href":"https:\/\/glamour12massage.ch\/en\/wp-json\/wp\/v2\/comments?post=1369"}],"version-history":[{"count":0,"href":"https:\/\/glamour12massage.ch\/en\/wp-json\/wp\/v2\/pages\/1369\/revisions"}],"wp:attachment":[{"href":"https:\/\/glamour12massage.ch\/en\/wp-json\/wp\/v2\/media?parent=1369"}],"curies":[{"name":"wp","href":"https:\/\/api.w.org\/{rel}","templated":true}]}}